{"id":81,"date":"2011-03-01T19:22:29","date_gmt":"2011-03-01T19:22:29","guid":{"rendered":"http:\/\/www.applesteel.ch\/?page_id=81"},"modified":"2022-06-02T07:25:55","modified_gmt":"2022-06-02T07:25:55","slug":"band","status":"publish","type":"page","link":"https:\/\/www.applesteel.ch\/?page_id=81","title":{"rendered":"Bandinfo"},"content":{"rendered":"<h2 style=\"text-align: left;\"><span style=\"color: #000000;\"><strong><br \/>\n<a href=\"http:\/\/www.applesteel.ch\/wordpress\/wp-content\/uploads\/fass.png\"><img loading=\"lazy\" decoding=\"async\" class=\"alignleft wp-image-208 size-full\" style=\"border: 0px solid black;\" title=\"Pan oder Steeldrum\" src=\"http:\/\/www.applesteel.ch\/wordpress\/wp-content\/uploads\/fass.png\" alt=\"\" width=\"250\" height=\"261\"><\/a><\/strong><span style=\"color: #ff6600;\"><strong>Wer ist Applesteel?<\/strong><\/span><\/span><\/h2>\n<p>&nbsp;<\/p>\n<p><strong>AppleSteel<\/strong> ist die Steelband aus Einsiedeln. Wir haben uns zum Ziel gesetzt, das Zusammenspiel von Steeldrums, auch Pan genannt, mit den verschiedensten Instrumenten zu f\u00f6rdern und zu pflegen.<\/p>\n<p><strong>AppleSteel<\/strong> wurde im Januar 1997 gegr\u00fcndet. Die meisten unserer Bandmitglieder spielten bereits seit Jahren in Steelbands und ein Teil unserer Musiker bringt grosse Erfahrung in der Tanzmusik mit.<\/p>\n<p><strong>AppleSteel<\/strong> spielt bei den verschiedensten Anl\u00e4ssen wie Firmenfesten, Aufrichtefeiern, Hochzeiten, Ap\u00e9ros, Geburtstagsfeiern, Vereinsanl\u00e4ssen&#8230;<\/p>\n<p><strong>AppleSteel<\/strong> pflegt die Karibische-Steeldrum-Musik. Wir sind jedoch auch offen f\u00fcr andere Musikrichtungen wie Rock &#8217;n&#8216; Roll, Cha-Cha, L\u00e4ndler, Samba, Calypso usw. Dadurch, dass wir auch Blas- und andere Instrumente einsetzen, haben wir einen eigenen Stil entwickelt.<\/p>\n","protected":false},"excerpt":{"rendered":"<p>Wer ist Applesteel? &nbsp; AppleSteel ist die Steelband aus Einsiedeln. Wir haben uns zum Ziel gesetzt, das Zusammenspiel von Steeldrums, auch Pan genannt, mit den verschiedensten Instrumenten zu f\u00f6rdern und zu pflegen. AppleSteel wurde im Januar 1997 gegr\u00fcndet. Die meisten unserer Bandmitglieder spielten bereits seit Jahren in Steelbands und ein Teil unserer Musiker bringt grosse &hellip; <\/p>\n<p class=\"link-more\"><a href=\"https:\/\/www.applesteel.ch\/?page_id=81\" class=\"more-link\"><span class=\"screen-reader-text\">\u201eBandinfo\u201c <\/span>weiterlesen<\/a><\/p>\n","protected":false},"author":1,"featured_media":0,"parent":0,"menu_order":1,"comment_status":"closed","ping_status":"closed","template":"","meta":{"ngg_post_thumbnail":0,"footnotes":""},"class_list":["post-81","page","type-page","status-publish","hentry"],"_links":{"self":[{"href":"https:\/\/www.applesteel.ch\/index.php?rest_route=\/wp\/v2\/pages\/81","targetHints":{"allow":["GET"]}}],"collection":[{"href":"https:\/\/www.applesteel.ch\/index.php?rest_route=\/wp\/v2\/pages"}],"about":[{"href":"https:\/\/www.applesteel.ch\/index.php?rest_route=\/wp\/v2\/types\/page"}],"author":[{"embeddable":true,"href":"https:\/\/www.applesteel.ch\/index.php?rest_route=\/wp\/v2\/users\/1"}],"replies":[{"embeddable":true,"href":"https:\/\/www.applesteel.ch\/index.php?rest_route=%2Fwp%2Fv2%2Fcomments&post=81"}],"version-history":[{"count":60,"href":"https:\/\/www.applesteel.ch\/index.php?rest_route=\/wp\/v2\/pages\/81\/revisions"}],"predecessor-version":[{"id":914,"href":"https:\/\/www.applesteel.ch\/index.php?rest_route=\/wp\/v2\/pages\/81\/revisions\/914"}],"wp:attachment":[{"href":"https:\/\/www.applesteel.ch\/index.php?rest_route=%2Fwp%2Fv2%2Fmedia&parent=81"}],"curies":[{"name":"wp","href":"https:\/\/api.w.org\/{rel}","templated":true}]}}